{"id":1923,"date":"2025-03-24T16:17:43","date_gmt":"2025-03-24T16:17:43","guid":{"rendered":"https:\/\/axiomatic.lu\/sfdr-offenlegungen\/"},"modified":"2025-03-25T13:06:59","modified_gmt":"2025-03-25T13:06:59","slug":"sfdr-offenlegungen","status":"publish","type":"page","link":"https:\/\/axiomatic.lu\/de\/sfdr-offenlegungen\/","title":{"rendered":"SFDR-Offenlegungen"},"content":{"rendered":"\t\t<div data-elementor-type=\"wp-page\" data-elementor-id=\"1923\" class=\"elementor elementor-1923 elementor-1914\" data-elementor-post-type=\"page\">\n\t\t\t\t\t\t<section class=\"elementor-section elementor-top-section elementor-element elementor-element-b2bffd3 elementor-section-boxed elementor-section-height-default elementor-section-height-default\" data-id=\"b2bffd3\" data-element_type=\"section\">\n\t\t\t\t\t\t<div class=\"elementor-container elementor-column-gap-default\">\n\t\t\t\t\t<div class=\"elementor-column elementor-col-100 elementor-top-column elementor-element elementor-element-d3d9c98\" data-id=\"d3d9c98\" data-element_type=\"column\">\n\t\t\t<div class=\"elementor-widget-wrap elementor-element-populated\">\n\t\t\t\t\t\t<div class=\"elementor-element elementor-element-8e0a91d elementor-widget elementor-widget-text-editor\" data-id=\"8e0a91d\" data-element_type=\"widget\" data-widget_type=\"text-editor.default\">\n\t\t\t\t<div class=\"elementor-widget-container\">\n\t\t\t\t\t\t\t\t\t<div class=\"elementor elementor-2222\" data-elementor-type=\"wp-page\" data-elementor-id=\"2222\"><div class=\"elementor-inner\"><div class=\"elementor-section-wrap\"><section class=\"elementor-section elementor-top-section elementor-element elementor-element-09d15e2 elementor-section-boxed elementor-section-height-default elementor-section-height-default\" data-id=\"09d15e2\" data-element_type=\"section\"><div class=\"elementor-container elementor-column-gap-default\"><div class=\"elementor-row\"><div class=\"elementor-column elementor-col-100 elementor-top-column elementor-element elementor-element-b3bab05\" data-id=\"b3bab05\" data-element_type=\"column\"><div class=\"elementor-column-wrap elementor-element-populated\"><div class=\"elementor-widget-wrap\"><div class=\"elementor-element elementor-element-947aacf elementor-widget elementor-widget-heading\" data-id=\"947aacf\" data-element_type=\"widget\" data-widget_type=\"heading.default\"><div class=\"elementor-widget-container\"><h2><strong>Einleitung<\/strong><\/h2><p>Axiomatic S.A. (\u201eAxiomatic\u201c) ist bei der Commission de Surveillance du Secteur Financier als Verwalter alternativer Investmentfonds unterhalb der Schwelle registriert. Gem\u00e4\u00df der Verordnung (EU) 2019\/2088 (\u201eSFDR\u201c) gilt Axiomatic als \u201eFinanzmarktteilnehmer\u201c.<br \/>Nach Artikel 3 der SFDR sind \u201eFinanzmarktteilnehmer\u201c verpflichtet, Informationen \u00fcber ihre Strategien zur Einbeziehung von Nachhaltigkeitsrisiken in ihren Investitionsentscheidungsprozess zu ver\u00f6ffentlichen.<\/p><p>Ein \u201eNachhaltigkeitsrisiko\u201c bezeichnet ein Ereignis oder eine Bedingung aus den Bereichen Umwelt, Soziales oder Unternehmensf\u00fchrung, das bzw. die \u2013 sollte es\/sie eintreten \u2013 wesentliche negative Auswirkungen auf den Wert einer Investition haben k\u00f6nnte.<\/p><p>Dar\u00fcber hinaus verlangt Artikel 4 der SFDR, dass ein Finanzmarktteilnehmer, der die wichtigsten nachteiligen Auswirkungen (\u201ePrincipal Adverse Impacts\u201c \u2013 PAI) seiner Investitionsentscheidungen ber\u00fccksichtigt, auf seiner Website eine Erkl\u00e4rung \u00fcber die Sorgfaltspflicht in Bezug auf diese Auswirkungen ver\u00f6ffentlicht und aufrechterh\u00e4lt \u2013 unter Ber\u00fccksichtigung seiner Gr\u00f6\u00dfe, Art und des Umfangs seiner T\u00e4tigkeiten sowie der von ihm angebotenen Finanzprodukte.<\/p><p>Diese Erkl\u00e4rung wurde gem\u00e4\u00df Artikel 4 und Artikel 12 der Delegierten Verordnung (EU) 2022\/1288 erstellt und ber\u00fccksichtigt zudem Artikel 7 der SFDR zur Transparenz der PAI auf Produktebene.<\/p><h2>\u00a0<\/h2><h2><strong>Artikel 3 \u2013 Nachhaltigkeitsrisiken<\/strong><\/h2><p>Gem\u00e4\u00df der Delegierten Verordnung (EU) 2021\/1255 und der Delegierten Richtlinie (EU) 2021\/1270 vom 21. April 2021 ber\u00fccksichtigt Axiomatic Nachhaltigkeitsrisiken im Investitionsentscheidungsprozess.<\/p><p>Die Auswirkungen von Nachhaltigkeitsrisiken h\u00e4ngen von der jeweiligen Branche, Dienstleistung und Art des Verm\u00f6genswertes ab. Bestimmte Sektoren k\u00f6nnen st\u00e4rker betroffen sein als andere. Axiomatic integriert Nachhaltigkeitsrisiken in seinen Investitionsentscheidungsprozess und stellt im Rahmen seiner Sorgfaltspflicht sicher, dass:<\/p><ul><li>Nachhaltigkeitsrisiken als Teil einer umfassenden Analyse einzelner Portfoliounternehmen ber\u00fccksichtigt werden. Dabei werden interne und externe Quellen genutzt, um die Exponierung gegen\u00fcber Nachhaltigkeitsrisiken zu identifizieren, Unternehmensdialoge vorzubereiten und neue Forschungserkenntnisse in Zusammenarbeit mit Datenanbietern einflie\u00dfen zu lassen.<\/li><li>Die von Axiomatic ber\u00fccksichtigten Faktoren h\u00e4ngen vom jeweiligen Wertpapier ab, beinhalten jedoch typischerweise die Eigent\u00fcmerstruktur, die Zusammensetzung und Struktur des Verwaltungsrats, die Kapitalallokation in der Vergangenheit, Anreizsysteme des Managements, die Historie der Arbeitsbeziehungen sowie Klimarisiken.<\/li><li>Zur Bewertung dieser Risiken greift Axiomatic auf eine Vielzahl interner und externer Analysen zur\u00fcck, um m\u00f6gliche Auswirkungen auf den Verm\u00f6genswert zu beurteilen.<\/li><\/ul><h2>\u00a0<\/h2><h2><strong>Artikel 4 &amp; 7 \u2013 Wesentliche nachteilige Auswirkungen<\/strong><\/h2><p>Axiomatic ber\u00fccksichtigt die wesentlichen nachteiligen Auswirkungen (PAI) seiner Investitionsentscheidungen auf Nachhaltigkeitsfaktoren auf Unternehmensebene nicht. Der Hauptgrund daf\u00fcr liegt darin, dass Axiomatic in kleine und mittlere Unternehmen (KMU) investiert und die verf\u00fcgbaren Informationen und Daten nicht ausreichen, um solche Auswirkungen angemessen zu bewerten.<\/p><p>Diese Erkl\u00e4rungen werden mindestens einmal j\u00e4hrlich \u00fcberpr\u00fcft.<\/p><p>Eine gedruckte Version dieser Richtlinie ist kostenlos am eingetragenen Sitz von Axiomatic erh\u00e4ltlich.<\/p><\/div><\/div><\/div><\/div><\/div><\/div><\/div><\/section><\/div><\/div><\/div>\t\t\t\t\t\t\t\t<\/div>\n\t\t\t\t<\/div>\n\t\t\t\t\t<\/div>\n\t\t<\/div>\n\t\t\t\t\t<\/div>\n\t\t<\/section>\n\t\t\t\t<\/div>\n\t\t","protected":false},"excerpt":{"rendered":"<p>Einleitung Axiomatic S.A. (\u201eAxiomatic\u201c) ist bei der Commission de Surveillance du Secteur Financier als Verwalter alternativer Investmentfonds unterhalb der Schwelle registriert. Gem\u00e4\u00df der Verordnung (EU) 2019\/2088 (\u201eSFDR\u201c) gilt Axiomatic als \u201eFinanzmarktteilnehmer\u201c.Nach Artikel 3 der SFDR sind \u201eFinanzmarktteilnehmer\u201c verpflichtet, Informationen \u00fcber ihre Strategien zur Einbeziehung von Nachhaltigkeitsrisiken in ihren Investitionsentscheidungsprozess zu ver\u00f6ffentlichen. Ein \u201eNachhaltigkeitsrisiko\u201c bezeichnet ein [&hellip;]<\/p>\n","protected":false},"author":2,"featured_media":0,"parent":0,"menu_order":0,"comment_status":"closed","ping_status":"closed","template":"elementor_header_footer","meta":{"inline_featured_image":false,"footnotes":""},"class_list":["post-1923","page","type-page","status-publish","hentry"],"yoast_head":"<!-- This site is optimized with the Yoast SEO plugin v24.7 - https:\/\/yoast.com\/wordpress\/plugins\/seo\/ -->\n<title>SFDR-Offenlegungen - Axiomatic<\/title>\n<meta name=\"robots\" content=\"index, follow, max-snippet:-1, max-image-preview:large, max-video-preview:-1\" \/>\n<link rel=\"canonical\" href=\"https:\/\/axiomatic.lu\/de\/sfdr-offenlegungen\/\" \/>\n<meta property=\"og:locale\" content=\"de_DE\" \/>\n<meta property=\"og:type\" content=\"article\" \/>\n<meta property=\"og:title\" content=\"SFDR-Offenlegungen - Axiomatic\" \/>\n<meta property=\"og:description\" content=\"Einleitung Axiomatic S.A. (\u201eAxiomatic\u201c) ist bei der Commission de Surveillance du Secteur Financier als Verwalter alternativer Investmentfonds unterhalb der Schwelle registriert. Gem\u00e4\u00df der Verordnung (EU) 2019\/2088 (\u201eSFDR\u201c) gilt Axiomatic als \u201eFinanzmarktteilnehmer\u201c.Nach Artikel 3 der SFDR sind \u201eFinanzmarktteilnehmer\u201c verpflichtet, Informationen \u00fcber ihre Strategien zur Einbeziehung von Nachhaltigkeitsrisiken in ihren Investitionsentscheidungsprozess zu ver\u00f6ffentlichen. Ein \u201eNachhaltigkeitsrisiko\u201c bezeichnet ein [&hellip;]\" \/>\n<meta property=\"og:url\" content=\"https:\/\/axiomatic.lu\/de\/sfdr-offenlegungen\/\" \/>\n<meta property=\"og:site_name\" content=\"Axiomatic\" \/>\n<meta property=\"article:modified_time\" content=\"2025-03-25T13:06:59+00:00\" \/>\n<meta name=\"twitter:card\" content=\"summary_large_image\" \/>\n<meta name=\"twitter:label1\" content=\"Gesch\u00e4tzte Lesezeit\" \/>\n\t<meta name=\"twitter:data1\" content=\"5\u00a0Minuten\" \/>\n<script type=\"application\/ld+json\" class=\"yoast-schema-graph\">{\"@context\":\"https:\/\/schema.org\",\"@graph\":[{\"@type\":\"WebPage\",\"@id\":\"https:\/\/axiomatic.lu\/de\/sfdr-offenlegungen\/\",\"url\":\"https:\/\/axiomatic.lu\/de\/sfdr-offenlegungen\/\",\"name\":\"SFDR-Offenlegungen - Axiomatic\",\"isPartOf\":{\"@id\":\"https:\/\/axiomatic.lu\/de\/#website\"},\"datePublished\":\"2025-03-24T16:17:43+00:00\",\"dateModified\":\"2025-03-25T13:06:59+00:00\",\"breadcrumb\":{\"@id\":\"https:\/\/axiomatic.lu\/de\/sfdr-offenlegungen\/#breadcrumb\"},\"inLanguage\":\"de\",\"potentialAction\":[{\"@type\":\"ReadAction\",\"target\":[\"https:\/\/axiomatic.lu\/de\/sfdr-offenlegungen\/\"]}]},{\"@type\":\"BreadcrumbList\",\"@id\":\"https:\/\/axiomatic.lu\/de\/sfdr-offenlegungen\/#breadcrumb\",\"itemListElement\":[{\"@type\":\"ListItem\",\"position\":1,\"name\":\"Home\",\"item\":\"https:\/\/axiomatic.lu\/de\/\"},{\"@type\":\"ListItem\",\"position\":2,\"name\":\"SFDR-Offenlegungen\"}]},{\"@type\":\"WebSite\",\"@id\":\"https:\/\/axiomatic.lu\/de\/#website\",\"url\":\"https:\/\/axiomatic.lu\/de\/\",\"name\":\"Axiomatic\",\"description\":\"Succession d&#039;entreprise au Luxembourg\",\"publisher\":{\"@id\":\"https:\/\/axiomatic.lu\/de\/#organization\"},\"potentialAction\":[{\"@type\":\"SearchAction\",\"target\":{\"@type\":\"EntryPoint\",\"urlTemplate\":\"https:\/\/axiomatic.lu\/de\/?s={search_term_string}\"},\"query-input\":{\"@type\":\"PropertyValueSpecification\",\"valueRequired\":true,\"valueName\":\"search_term_string\"}}],\"inLanguage\":\"de\"},{\"@type\":\"Organization\",\"@id\":\"https:\/\/axiomatic.lu\/de\/#organization\",\"name\":\"Axiomatic\",\"url\":\"https:\/\/axiomatic.lu\/de\/\",\"logo\":{\"@type\":\"ImageObject\",\"inLanguage\":\"de\",\"@id\":\"https:\/\/axiomatic.lu\/de\/#\/schema\/logo\/image\/\",\"url\":\"https:\/\/axiomatic.lu\/wp-content\/uploads\/2023\/01\/axiomatic-logo.svg\",\"contentUrl\":\"https:\/\/axiomatic.lu\/wp-content\/uploads\/2023\/01\/axiomatic-logo.svg\",\"width\":206,\"height\":57,\"caption\":\"Axiomatic\"},\"image\":{\"@id\":\"https:\/\/axiomatic.lu\/de\/#\/schema\/logo\/image\/\"}}]}<\/script>\n<!-- \/ Yoast SEO plugin. -->","yoast_head_json":{"title":"SFDR-Offenlegungen - Axiomatic","robots":{"index":"index","follow":"follow","max-snippet":"max-snippet:-1","max-image-preview":"max-image-preview:large","max-video-preview":"max-video-preview:-1"},"canonical":"https:\/\/axiomatic.lu\/de\/sfdr-offenlegungen\/","og_locale":"de_DE","og_type":"article","og_title":"SFDR-Offenlegungen - Axiomatic","og_description":"Einleitung Axiomatic S.A. (\u201eAxiomatic\u201c) ist bei der Commission de Surveillance du Secteur Financier als Verwalter alternativer Investmentfonds unterhalb der Schwelle registriert. Gem\u00e4\u00df der Verordnung (EU) 2019\/2088 (\u201eSFDR\u201c) gilt Axiomatic als \u201eFinanzmarktteilnehmer\u201c.Nach Artikel 3 der SFDR sind \u201eFinanzmarktteilnehmer\u201c verpflichtet, Informationen \u00fcber ihre Strategien zur Einbeziehung von Nachhaltigkeitsrisiken in ihren Investitionsentscheidungsprozess zu ver\u00f6ffentlichen. Ein \u201eNachhaltigkeitsrisiko\u201c bezeichnet ein [&hellip;]","og_url":"https:\/\/axiomatic.lu\/de\/sfdr-offenlegungen\/","og_site_name":"Axiomatic","article_modified_time":"2025-03-25T13:06:59+00:00","twitter_card":"summary_large_image","twitter_misc":{"Gesch\u00e4tzte Lesezeit":"5\u00a0Minuten"},"schema":{"@context":"https:\/\/schema.org","@graph":[{"@type":"WebPage","@id":"https:\/\/axiomatic.lu\/de\/sfdr-offenlegungen\/","url":"https:\/\/axiomatic.lu\/de\/sfdr-offenlegungen\/","name":"SFDR-Offenlegungen - Axiomatic","isPartOf":{"@id":"https:\/\/axiomatic.lu\/de\/#website"},"datePublished":"2025-03-24T16:17:43+00:00","dateModified":"2025-03-25T13:06:59+00:00","breadcrumb":{"@id":"https:\/\/axiomatic.lu\/de\/sfdr-offenlegungen\/#breadcrumb"},"inLanguage":"de","potentialAction":[{"@type":"ReadAction","target":["https:\/\/axiomatic.lu\/de\/sfdr-offenlegungen\/"]}]},{"@type":"BreadcrumbList","@id":"https:\/\/axiomatic.lu\/de\/sfdr-offenlegungen\/#breadcrumb","itemListElement":[{"@type":"ListItem","position":1,"name":"Home","item":"https:\/\/axiomatic.lu\/de\/"},{"@type":"ListItem","position":2,"name":"SFDR-Offenlegungen"}]},{"@type":"WebSite","@id":"https:\/\/axiomatic.lu\/de\/#website","url":"https:\/\/axiomatic.lu\/de\/","name":"Axiomatic","description":"Succession d&#039;entreprise au Luxembourg","publisher":{"@id":"https:\/\/axiomatic.lu\/de\/#organization"},"potentialAction":[{"@type":"SearchAction","target":{"@type":"EntryPoint","urlTemplate":"https:\/\/axiomatic.lu\/de\/?s={search_term_string}"},"query-input":{"@type":"PropertyValueSpecification","valueRequired":true,"valueName":"search_term_string"}}],"inLanguage":"de"},{"@type":"Organization","@id":"https:\/\/axiomatic.lu\/de\/#organization","name":"Axiomatic","url":"https:\/\/axiomatic.lu\/de\/","logo":{"@type":"ImageObject","inLanguage":"de","@id":"https:\/\/axiomatic.lu\/de\/#\/schema\/logo\/image\/","url":"https:\/\/axiomatic.lu\/wp-content\/uploads\/2023\/01\/axiomatic-logo.svg","contentUrl":"https:\/\/axiomatic.lu\/wp-content\/uploads\/2023\/01\/axiomatic-logo.svg","width":206,"height":57,"caption":"Axiomatic"},"image":{"@id":"https:\/\/axiomatic.lu\/de\/#\/schema\/logo\/image\/"}}]}},"_links":{"self":[{"href":"https:\/\/axiomatic.lu\/de\/wp-json\/wp\/v2\/pages\/1923","targetHints":{"allow":["GET"]}}],"collection":[{"href":"https:\/\/axiomatic.lu\/de\/wp-json\/wp\/v2\/pages"}],"about":[{"href":"https:\/\/axiomatic.lu\/de\/wp-json\/wp\/v2\/types\/page"}],"author":[{"embeddable":true,"href":"https:\/\/axiomatic.lu\/de\/wp-json\/wp\/v2\/users\/2"}],"replies":[{"embeddable":true,"href":"https:\/\/axiomatic.lu\/de\/wp-json\/wp\/v2\/comments?post=1923"}],"version-history":[{"count":6,"href":"https:\/\/axiomatic.lu\/de\/wp-json\/wp\/v2\/pages\/1923\/revisions"}],"predecessor-version":[{"id":1951,"href":"https:\/\/axiomatic.lu\/de\/wp-json\/wp\/v2\/pages\/1923\/revisions\/1951"}],"wp:attachment":[{"href":"https:\/\/axiomatic.lu\/de\/wp-json\/wp\/v2\/media?parent=1923"}],"curies":[{"name":"wp","href":"https:\/\/api.w.org\/{rel}","templated":true}]}}